{"id":688,"date":"2024-03-06T15:56:12","date_gmt":"2024-03-06T15:56:12","guid":{"rendered":"https:\/\/ariadnaguidedtours.com\/es\/?page_id=688"},"modified":"2024-03-13T09:33:09","modified_gmt":"2024-03-13T09:33:09","slug":"solicite-un-presupuesto-para-un-tour-a-medida","status":"publish","type":"page","link":"https:\/\/ariadnaguidedtours.com\/es\/solicite-un-presupuesto-para-un-tour-a-medida\/","title":{"rendered":"Solicite un presupuesto para un tour a medida"},"content":{"rendered":"<section class=\"bde-section-688-100 bde-section\">\n  \n  \n\t\n\n\n\n<div class=\"section-container\"><div class=\"bde-columns-688-101 bde-columns\"><div class=\"bde-column-688-102 bde-column\">\n  \n  \n\t\n\n\n\n<div class=\"bde-image-688-103 bde-image\">\n<figure class=\"breakdance-image breakdance-image--441\">\n\t<div class=\"breakdance-image-container\">\n\t\t<div class=\"breakdance-image-clip\"><img loading=\"lazy\" decoding=\"async\" class=\"breakdance-image-object\" src=\"https:\/\/ariadnaguidedtours.com\/wp-content\/uploads\/2024\/01\/Ariadna-Guided-Tours-Dali-Museum-Private-Tour-25.jpg\" width=\"500\" height=\"750\" srcset=\"https:\/\/ariadnaguidedtours.com\/wp-content\/uploads\/2024\/01\/Ariadna-Guided-Tours-Dali-Museum-Private-Tour-25.jpg 500w, https:\/\/ariadnaguidedtours.com\/wp-content\/uploads\/2024\/01\/Ariadna-Guided-Tours-Dali-Museum-Private-Tour-25-200x300.jpg 200w\" sizes=\"auto, (max-width: 500px) 100vw, 500px\"><\/div>\n\t<\/div><\/figure>\n\n<\/div>\n<\/div><div class=\"bde-column-688-104 bde-column\">\n  \n  \n\t\n\n\n\n<h2 class=\"bde-dual-heading-688-105 bde-dual-heading\">\n\n\n            <span data-style=\"primary\" class=\"dual-heading--primary  \">Solicite un presupuesto para un<\/span>\n\n            <span data-style=\"secondary\" class=\"dual-heading--secondary  \">Tour a medida<\/span>\n\n\n\n<\/h2><div class=\"bde-form-builder-688-106 bde-form-builder\">\n\n<form id=\"nova-peticio-custom-tour106\" class=\"breakdance-form breakdance-form--vertical\" data-options=\"{&quot;slug&quot;:&quot;custom&quot;,&quot;name&quot;:&quot;Nova petici\\u00f3 Custom Tour&quot;,&quot;ajaxUrl&quot;:&quot;https:\\\/\\\/ariadnaguidedtours.com\\\/es\\\/wp-admin\\\/admin-ajax.php&quot;,&quot;clearOnSuccess&quot;:true,&quot;hideOnSuccess&quot;:false,&quot;successMessage&quot;:&quot;The form was submitted successfully.&quot;,&quot;errorMessage&quot;:&quot;Something went wrong.&quot;,&quot;redirect&quot;:false,&quot;redirectUrl&quot;:&quot;&quot;,&quot;customJavaScript&quot;:&quot;&quot;,&quot;recaptcha&quot;:{&quot;key&quot;:&quot;&quot;,&quot;enabled&quot;:false},&quot;honeypot_enabled&quot;:false,&quot;popupsOnSuccess&quot;:[],&quot;popupsOnError&quot;:[]}\" data-steps=\"0\" >\n  \n  \n  \n<div class=\"breakdance-form-field breakdance-form-field--text\" >\n    \n    \n            <label class=\"breakdance-form-field__label\" for=\"name\">\n            Nombre<span class=\"breakdance-form-field__required\">*<\/span>\n        <\/label>\n    \n    <input\n    class=\"breakdance-form-field__input\"\n    id=\"name\"\n    aria-describedby=\"name\"\n    type=\"text\"\n    name=\"fields[name]\"\n    placeholder=\"\"\n    value=\"\"\n                \n        \n        \n    required\n    \n    \n    \n>\n\n\n    \n    \n<\/div>\n\n\n<div class=\"breakdance-form-field breakdance-form-field--text\" >\n    \n    \n            <label class=\"breakdance-form-field__label\" for=\"hhfcby\">\n            Apellidos<span class=\"breakdance-form-field__required\">*<\/span>\n        <\/label>\n    \n    <input\n    class=\"breakdance-form-field__input\"\n    id=\"hhfcby\"\n    aria-describedby=\"hhfcby\"\n    type=\"text\"\n    name=\"fields[hhfcby]\"\n    placeholder=\"\"\n    value=\"\"\n                \n        \n        \n    required\n    \n    \n    \n>\n\n\n    \n    \n<\/div>\n\n\n<div class=\"breakdance-form-field breakdance-form-field--email\" >\n    \n    \n            <label class=\"breakdance-form-field__label\" for=\"email\">\n            Email<span class=\"breakdance-form-field__required\">*<\/span>\n        <\/label>\n    \n    <input\n    class=\"breakdance-form-field__input\"\n    id=\"email\"\n    aria-describedby=\"email\"\n    type=\"email\"\n    name=\"fields[email]\"\n    placeholder=\"\"\n    value=\"\"\n                \n        \n        \n    required\n    \n    \n    \n>\n\n\n    \n    \n<\/div>\n\n\n<div class=\"breakdance-form-field breakdance-form-field--tel\" >\n    \n    \n            <label class=\"breakdance-form-field__label\" for=\"vlpzhz\">\n            Tel\u00e9fono*:<span class=\"breakdance-form-field__required\">*<\/span>\n        <\/label>\n    \n    <input\n    class=\"breakdance-form-field__input\"\n    id=\"vlpzhz\"\n    aria-describedby=\"vlpzhz\"\n    type=\"tel\"\n    name=\"fields[vlpzhz]\"\n    placeholder=\"\"\n    value=\"\"\n                \n        \n        \n    required\n    \n    \n    \n>\n\n\n    \n    \n<\/div>\n\n\n<div class=\"breakdance-form-field breakdance-form-field--number\" >\n    \n    \n            <label class=\"breakdance-form-field__label\" for=\"ifsvnm\">\n            N\u00famero de personas\n        <\/label>\n    \n    <input\n    class=\"breakdance-form-field__input\"\n    id=\"ifsvnm\"\n    aria-describedby=\"ifsvnm\"\n    type=\"number\"\n    name=\"fields[ifsvnm]\"\n    placeholder=\"\"\n    value=\"\"\n                \n        \n        \n    \n    \n    \n    \n>\n\n\n    \n    \n<\/div>\n\n\n<div class=\"breakdance-form-field breakdance-form-field--html\" >\n    \n    \n    \n    <div class=\"form-input-html\"\n    >\n  <p>Fechas del tour:<\/p>\n<\/div>\n\n\n    \n    \n<\/div>\n\n\n<div class=\"breakdance-form-field breakdance-form-field--date\" >\n    \n    \n            <label class=\"breakdance-form-field__label\" for=\"message\">\n            D\u00eda de entrada\n        <\/label>\n    \n    <input\n    class=\"breakdance-form-field__input\"\n    id=\"message\"\n    aria-describedby=\"message\"\n    type=\"date\"\n    name=\"fields[message]\"\n    placeholder=\"Write your message here...\"\n    value=\"\"\n                \n        \n        \n    \n    \n    \n    \n>\n\n\n    \n    \n<\/div>\n\n\n<div class=\"breakdance-form-field breakdance-form-field--date\" >\n    \n    \n            <label class=\"breakdance-form-field__label\" for=\"knuiux\">\n            D\u00eda de salida\n        <\/label>\n    \n    <input\n    class=\"breakdance-form-field__input\"\n    id=\"knuiux\"\n    aria-describedby=\"knuiux\"\n    type=\"date\"\n    name=\"fields[knuiux]\"\n    placeholder=\"\"\n    value=\"\"\n                \n        \n        \n    \n    \n    \n    \n>\n\n\n    \n    \n<\/div>\n\n\n<div class=\"breakdance-form-field breakdance-form-field--checkbox\" >\n    \n    \n    \n    <fieldset role=\"group\"\n    aria-label=\"Que te gustar\u00eda visitar\"\n    >\n       <legend class=\"breakdance-form-field__label\">Que te gustar\u00eda visitar<span class=\"breakdance-form-field__required\">*<\/span><\/legend>\n          <div class=\"breakdance-form-checkbox\">\n          <input\n              type=\"checkbox\"\n              name=\"fields[aqhgpg][]\"\n              value=\"Gaud\u00ed\"\n              id=\"aqhgpg-1\"\n              \n                        >\n          <label class=\"breakdance-form-checkbox__text\" for=\"aqhgpg-1\">Gaud\u00ed<\/label>\n      <\/div>\n        <div class=\"breakdance-form-checkbox\">\n          <input\n              type=\"checkbox\"\n              name=\"fields[aqhgpg][]\"\n              value=\"Montserrat\"\n              id=\"aqhgpg-2\"\n              \n                        >\n          <label class=\"breakdance-form-checkbox__text\" for=\"aqhgpg-2\">Montserrat<\/label>\n      <\/div>\n        <div class=\"breakdance-form-checkbox\">\n          <input\n              type=\"checkbox\"\n              name=\"fields[aqhgpg][]\"\n              value=\"Costa Brava\"\n              id=\"aqhgpg-3\"\n              \n                        >\n          <label class=\"breakdance-form-checkbox__text\" for=\"aqhgpg-3\">Costa Brava<\/label>\n      <\/div>\n        <div class=\"breakdance-form-checkbox\">\n          <input\n              type=\"checkbox\"\n              name=\"fields[aqhgpg][]\"\n              value=\"Museo Dal\u00ed\"\n              id=\"aqhgpg-4\"\n              \n                        >\n          <label class=\"breakdance-form-checkbox__text\" for=\"aqhgpg-4\">Museo Dal\u00ed<\/label>\n      <\/div>\n        <div class=\"breakdance-form-checkbox\">\n          <input\n              type=\"checkbox\"\n              name=\"fields[aqhgpg][]\"\n              value=\"Pueblos medievales\"\n              id=\"aqhgpg-5\"\n              \n                        >\n          <label class=\"breakdance-form-checkbox__text\" for=\"aqhgpg-5\">Pueblos medievales<\/label>\n      <\/div>\n  <\/fieldset>\n\n\n\n    \n    \n<\/div>\n\n\n<div class=\"breakdance-form-field breakdance-form-field--textarea\" >\n    \n    \n            <label class=\"breakdance-form-field__label\" for=\"hfuymg\">\n            Describe brevemente lo que te gustar\u00eda visitar:\n        <\/label>\n    \n    <textarea\n    class=\"breakdance-form-field__input\"\n    id=\"hfuymg\"\n    aria-describedby=\"hfuymg\"\n    type=\"textarea\"\n    name=\"fields[hfuymg]\"\n        placeholder=\"\"\n    \n    >\n<\/textarea>\n\n\n    \n    \n<\/div>\n\n\n  \n\n<div class=\"breakdance-form-field breakdance-form-footer\">\n    \n    \n                                    \n    \n    \n    \n    \n            \n            <button type=\"submit\" class=\"button-atom button-atom--primary breakdance-form-button breakdance-form-button__submit\"  >\n    \n        <span class=\"button-atom__text\">\/pedir presupuesto<\/span>\n\n        \n        \n            <\/button>\n    \n    <input type=\"hidden\" name=\"form_id\" value=\"106\">\n    <input type=\"hidden\" name=\"post_id\" value=\"688\">\n<\/div>\n\n  \n<\/form>\n\n\n<\/div>\n<\/div><\/div><\/div>\n<\/section>","protected":false},"excerpt":{"rendered":"<p>Solicite un presupuesto para un Tour a medida Nombre* Apellidos* Email* Tel\u00e9fono*:* N\u00famero de personas Fechas del tour: D\u00eda de entrada D\u00eda de salida Que te gustar\u00eda visitar* Gaud\u00ed Montserrat Costa Brava Museo Dal\u00ed Pueblos medievales Describe brevemente lo que te gustar\u00eda visitar: \/pedir presupuesto<\/p>\n","protected":false},"author":2,"featured_media":0,"parent":0,"menu_order":0,"comment_status":"closed","ping_status":"closed","template":"","meta":{"_acf_changed":false,"_breakdance_hide_in_design_set":false,"_breakdance_tags":"","footnotes":""},"class_list":["post-688","page","type-page","status-publish","hentry"],"acf":[],"yoast_head":"<!-- This site is optimized with the Yoast SEO plugin v26.7 - https:\/\/yoast.com\/wordpress\/plugins\/seo\/ -->\n<title>Solicite un presupuesto para un tour a medida - Ariadna Guided Tours ES<\/title>\n<meta name=\"description\" content=\"Solicite un presupuesto para un tour a medida. Los mejores tours privados y personalizados en Barcelona y Girona.\" \/>\n<meta name=\"robots\" content=\"index, follow, max-snippet:-1, max-image-preview:large, max-video-preview:-1\" \/>\n<link rel=\"canonical\" href=\"https:\/\/ariadnaguidedtours.com\/es\/solicite-un-presupuesto-para-un-tour-a-medida\/\" \/>\n<meta property=\"og:locale\" content=\"es_ES\" \/>\n<meta property=\"og:type\" content=\"article\" \/>\n<meta property=\"og:title\" content=\"Solicite un presupuesto para un tour a medida - Ariadna Guided Tours ES\" \/>\n<meta property=\"og:description\" content=\"Solicite un presupuesto para un tour a medida. Los mejores tours privados y personalizados en Barcelona y Girona.\" \/>\n<meta property=\"og:url\" content=\"https:\/\/ariadnaguidedtours.com\/es\/solicite-un-presupuesto-para-un-tour-a-medida\/\" \/>\n<meta property=\"og:site_name\" content=\"Ariadna Guided Tours ES\" \/>\n<meta property=\"article:modified_time\" content=\"2024-03-13T09:33:09+00:00\" \/>\n<meta name=\"twitter:card\" content=\"summary_large_image\" \/>\n<meta name=\"twitter:label1\" content=\"Tiempo de lectura\" \/>\n\t<meta name=\"twitter:data1\" content=\"1 minuto\" \/>\n<script type=\"application\/ld+json\" class=\"yoast-schema-graph\">{\"@context\":\"https:\/\/schema.org\",\"@graph\":[{\"@type\":\"WebPage\",\"@id\":\"https:\/\/ariadnaguidedtours.com\/es\/solicite-un-presupuesto-para-un-tour-a-medida\/\",\"url\":\"https:\/\/ariadnaguidedtours.com\/es\/solicite-un-presupuesto-para-un-tour-a-medida\/\",\"name\":\"Solicite un presupuesto para un tour a medida - Ariadna Guided Tours ES\",\"isPartOf\":{\"@id\":\"https:\/\/ariadnaguidedtours.com\/es\/#website\"},\"datePublished\":\"2024-03-06T15:56:12+00:00\",\"dateModified\":\"2024-03-13T09:33:09+00:00\",\"description\":\"Solicite un presupuesto para un tour a medida. Los mejores tours privados y personalizados en Barcelona y Girona.\",\"breadcrumb\":{\"@id\":\"https:\/\/ariadnaguidedtours.com\/es\/solicite-un-presupuesto-para-un-tour-a-medida\/#breadcrumb\"},\"inLanguage\":\"es\",\"potentialAction\":[{\"@type\":\"ReadAction\",\"target\":[\"https:\/\/ariadnaguidedtours.com\/es\/solicite-un-presupuesto-para-un-tour-a-medida\/\"]}]},{\"@type\":\"BreadcrumbList\",\"@id\":\"https:\/\/ariadnaguidedtours.com\/es\/solicite-un-presupuesto-para-un-tour-a-medida\/#breadcrumb\",\"itemListElement\":[{\"@type\":\"ListItem\",\"position\":1,\"name\":\"Home\",\"item\":\"https:\/\/ariadnaguidedtours.com\/es\/\"},{\"@type\":\"ListItem\",\"position\":2,\"name\":\"Solicite un presupuesto para un tour a medida\"}]},{\"@type\":\"WebSite\",\"@id\":\"https:\/\/ariadnaguidedtours.com\/es\/#website\",\"url\":\"https:\/\/ariadnaguidedtours.com\/es\/\",\"name\":\"Ariadna Guided Tours ES\",\"description\":\"\",\"potentialAction\":[{\"@type\":\"SearchAction\",\"target\":{\"@type\":\"EntryPoint\",\"urlTemplate\":\"https:\/\/ariadnaguidedtours.com\/es\/?s={search_term_string}\"},\"query-input\":{\"@type\":\"PropertyValueSpecification\",\"valueRequired\":true,\"valueName\":\"search_term_string\"}}],\"inLanguage\":\"es\"}]}<\/script>\n<!-- \/ Yoast SEO plugin. -->","yoast_head_json":{"title":"Solicite un presupuesto para un tour a medida - Ariadna Guided Tours ES","description":"Solicite un presupuesto para un tour a medida. Los mejores tours privados y personalizados en Barcelona y Girona.","robots":{"index":"index","follow":"follow","max-snippet":"max-snippet:-1","max-image-preview":"max-image-preview:large","max-video-preview":"max-video-preview:-1"},"canonical":"https:\/\/ariadnaguidedtours.com\/es\/solicite-un-presupuesto-para-un-tour-a-medida\/","og_locale":"es_ES","og_type":"article","og_title":"Solicite un presupuesto para un tour a medida - Ariadna Guided Tours ES","og_description":"Solicite un presupuesto para un tour a medida. Los mejores tours privados y personalizados en Barcelona y Girona.","og_url":"https:\/\/ariadnaguidedtours.com\/es\/solicite-un-presupuesto-para-un-tour-a-medida\/","og_site_name":"Ariadna Guided Tours ES","article_modified_time":"2024-03-13T09:33:09+00:00","twitter_card":"summary_large_image","twitter_misc":{"Tiempo de lectura":"1 minuto"},"schema":{"@context":"https:\/\/schema.org","@graph":[{"@type":"WebPage","@id":"https:\/\/ariadnaguidedtours.com\/es\/solicite-un-presupuesto-para-un-tour-a-medida\/","url":"https:\/\/ariadnaguidedtours.com\/es\/solicite-un-presupuesto-para-un-tour-a-medida\/","name":"Solicite un presupuesto para un tour a medida - Ariadna Guided Tours ES","isPartOf":{"@id":"https:\/\/ariadnaguidedtours.com\/es\/#website"},"datePublished":"2024-03-06T15:56:12+00:00","dateModified":"2024-03-13T09:33:09+00:00","description":"Solicite un presupuesto para un tour a medida. Los mejores tours privados y personalizados en Barcelona y Girona.","breadcrumb":{"@id":"https:\/\/ariadnaguidedtours.com\/es\/solicite-un-presupuesto-para-un-tour-a-medida\/#breadcrumb"},"inLanguage":"es","potentialAction":[{"@type":"ReadAction","target":["https:\/\/ariadnaguidedtours.com\/es\/solicite-un-presupuesto-para-un-tour-a-medida\/"]}]},{"@type":"BreadcrumbList","@id":"https:\/\/ariadnaguidedtours.com\/es\/solicite-un-presupuesto-para-un-tour-a-medida\/#breadcrumb","itemListElement":[{"@type":"ListItem","position":1,"name":"Home","item":"https:\/\/ariadnaguidedtours.com\/es\/"},{"@type":"ListItem","position":2,"name":"Solicite un presupuesto para un tour a medida"}]},{"@type":"WebSite","@id":"https:\/\/ariadnaguidedtours.com\/es\/#website","url":"https:\/\/ariadnaguidedtours.com\/es\/","name":"Ariadna Guided Tours ES","description":"","potentialAction":[{"@type":"SearchAction","target":{"@type":"EntryPoint","urlTemplate":"https:\/\/ariadnaguidedtours.com\/es\/?s={search_term_string}"},"query-input":{"@type":"PropertyValueSpecification","valueRequired":true,"valueName":"search_term_string"}}],"inLanguage":"es"}]}},"_links":{"self":[{"href":"https:\/\/ariadnaguidedtours.com\/es\/wp-json\/wp\/v2\/pages\/688","targetHints":{"allow":["GET"]}}],"collection":[{"href":"https:\/\/ariadnaguidedtours.com\/es\/wp-json\/wp\/v2\/pages"}],"about":[{"href":"https:\/\/ariadnaguidedtours.com\/es\/wp-json\/wp\/v2\/types\/page"}],"author":[{"embeddable":true,"href":"https:\/\/ariadnaguidedtours.com\/es\/wp-json\/wp\/v2\/users\/2"}],"replies":[{"embeddable":true,"href":"https:\/\/ariadnaguidedtours.com\/es\/wp-json\/wp\/v2\/comments?post=688"}],"version-history":[{"count":8,"href":"https:\/\/ariadnaguidedtours.com\/es\/wp-json\/wp\/v2\/pages\/688\/revisions"}],"predecessor-version":[{"id":769,"href":"https:\/\/ariadnaguidedtours.com\/es\/wp-json\/wp\/v2\/pages\/688\/revisions\/769"}],"wp:attachment":[{"href":"https:\/\/ariadnaguidedtours.com\/es\/wp-json\/wp\/v2\/media?parent=688"}],"curies":[{"name":"wp","href":"https:\/\/api.w.org\/{rel}","templated":true}]}}