{"id":678,"date":"2024-03-06T15:46:03","date_gmt":"2024-03-06T15:46:03","guid":{"rendered":"https:\/\/ariadnaguidedtours.com\/es\/?page_id=678"},"modified":"2024-08-21T19:29:49","modified_gmt":"2024-08-21T18:29:49","slug":"sobre-mi","status":"publish","type":"page","link":"https:\/\/ariadnaguidedtours.com\/es\/sobre-mi\/","title":{"rendered":"Sobre mi"},"content":{"rendered":"<section class=\"bde-section-678-100 bde-section\">\n  \n  \n\t\n\n\n\n<div class=\"section-container\"><div class=\"bde-columns-678-101 bde-columns\"><div class=\"bde-column-678-102 bde-column\">\n  \n  \n\t\n\n\n\n<div class=\"bde-image-678-103 bde-image\">\n<figure class=\"breakdance-image breakdance-image--599\">\n\t<div class=\"breakdance-image-container\">\n\t\t<div class=\"breakdance-image-clip\"><img loading=\"lazy\" decoding=\"async\" class=\"breakdance-image-object\" src=\"https:\/\/ariadnaguidedtours.com\/wp-content\/uploads\/2024\/02\/Ariadna-Guided-Tours-Private-Tours-Barcelona-About-copia.jpg\" width=\"685\" height=\"1000\" srcset=\"https:\/\/ariadnaguidedtours.com\/wp-content\/uploads\/2024\/02\/Ariadna-Guided-Tours-Private-Tours-Barcelona-About-copia.jpg 685w, https:\/\/ariadnaguidedtours.com\/wp-content\/uploads\/2024\/02\/Ariadna-Guided-Tours-Private-Tours-Barcelona-About-copia-206x300.jpg 206w\" sizes=\"auto, (max-width: 685px) 100vw, 685px\"><\/div>\n\t<\/div><\/figure>\n\n<\/div>\n<\/div><div class=\"bde-column-678-104 bde-column\">\n  \n  \n\t\n\n\n\n<h1 class=\"bde-heading-678-105 bde-heading\">Sobre mi<\/h1><h2 class=\"bde-dual-heading-678-107 bde-dual-heading\">\n\n\n            <span data-style=\"primary\" class=\"dual-heading--primary  \">Me llamo Ariadna y soy<\/span>\n\n            <span data-style=\"secondary\" class=\"dual-heading--secondary  \">gu\u00eda oficial de Catalu\u00f1a<\/span>\n\n\n\n<\/h2><div class=\"bde-text-678-108 bde-text\">\nLa meva pasi\u00f3n es guiar a viajeros, a trav\u00e9s de un hilo conductor narrativo, por diferentes lugares y monumentos de Barcelona, Girona (donde nac\u00ed y crec\u00ed) y la Costa Brava\n<\/div>\n<\/div><\/div><\/div>\n<\/section><section class=\"bde-section-678-109 bde-section\">\n  \n  \n\t\n\n\n\n<div class=\"section-container\"><div class=\"bde-div-678-110 bde-div\">\n  \n  \n\t\n\n\n\n<div class=\"bde-button-678-111 bde-button\">\n    \n                        \n                        \n    \n    \n    \n    \n            \n                    \n            \n            \n\n    \n    \n    \n    \n    \n    <a class=\"breakdance-link button-atom button-atom--secondary bde-button__button\" href=\"#\" target=\"_self\" data-type=\"url\"  >\n\n    \n        <span class=\"button-atom__text\">\/tour privats i tours a mida a Barcelona i Girona<\/span>\n\n        \n        \n                <\/a>\n\n    \n\n\n<\/div><div class=\"bde-text-678-112 bde-text\">\nMe dedico sobre todo a grupos privados y reducidos, lo que me permite personalizar y flexibilizar el servicio a su gusto\n<\/div>\n<\/div><\/div>\n<\/section><section class=\"bde-section-678-113 bde-section\">\n  \n  \n\t\n\n\n\n<div class=\"section-container\"><div class=\"bde-columns-678-114 bde-columns\"><div class=\"bde-column-678-115 bde-column\">\n  \n  \n\t\n\n\n\n<div class=\"bde-text-678-116 bde-text\">\nInici\u00e9 mi carrera y labor en el sector tur\u00edstico el a\u00f1o 2003 y desde entonces me he dedicado siempre a \u00e9l. En 2013 empec\u00e9 a guiar a visitantes de todo el mundo y en 2016 obtuve la acreditaci\u00f3n de gu\u00eda oficial de Catalu\u00f1a, que me permite guiar museos, monumentos y espacios patrimoniales. Me interesa el arte, la historia y la cultura en general, por esa raz\u00f3n inici\u00e9 los estudios para obtener un triple grado universitario en Historia, Geograf\u00eda e Historia del Arte.\n<\/div><div class=\"bde-text-678-117 bde-text\">\nSoy una apasionada de los viajes, viajo tanto como puedo y lo m\u00e1s lejos que puedo. De los viajes aprendo a tener una visi\u00f3n global del mundo y los humanos, y cuanto m\u00e1s viajo m\u00e1s me doy cuenta de que el lugar donde nac\u00ed y crec\u00ed, goza de una enorme riqueza en paisaje, cultura, costumbres, patrimonio, arte y gastronom\u00eda. Mi profesi\u00f3n, me ofrece la posibilidad de viajar desde casa, a trav\u00e9s de los ojos de los visitantes, de quien adem\u00e1s aprendo cosas nuevas cada d\u00eda.<br><br>Me dedico sobre todo a grupos privados y reducidos, lo que me permite personalizar y flexibilizar el servicio a su gusto. Propongo algunas de las visitas m\u00e1s reclamadas por Barcelona y Girona, pero tambi\u00e9n puedo dise\u00f1ar Tours a medida de sus intereses, de uno o varios d\u00edas, incluyendo todo lo que quieran visitar, ya sea en Barcelona, \u200b\u200bGirona, la Costa Brava o Montserrat. Con el fin de ser respetuoso con el medio ambiente, la mayor\u00eda de mis visitas se realizan con transporte p\u00fablico, pero algunos de mis servicios cuentan con la disposici\u00f3n de coches con chofer privado, bajo demanda y reserva. <br><br>Mi intenci\u00f3n es acercarles a la historia, cultura y costumbres catalanas desde una visi\u00f3n local, respetando los l\u00edmites del impacto tur\u00edstico de la zona, para comprender nuestros or\u00edgenes y como nuestra personalidad se ha ido desarrollando a lo largo de m\u00e1s de dos mil a\u00f1os de historia. Gracias al paisaje, arte, historia y gastronom\u00eda catalana va a poder impregnarse de todo este legado que seguro no va a dejarle indiferente. <br>\n<\/div>\n<\/div><div class=\"bde-column-678-118 bde-column\">\n  \n  \n\t\n\n\n\n<div class=\"bde-image-678-119 bde-image\">\n<figure class=\"breakdance-image breakdance-image--202\">\n\t<div class=\"breakdance-image-container\">\n\t\t<div class=\"breakdance-image-clip\"><img loading=\"lazy\" decoding=\"async\" class=\"breakdance-image-object\" src=\"https:\/\/ariadnaguidedtours.com\/wp-content\/uploads\/2024\/01\/Ariadna-Guided-Tours-Private-Tours-Barcelona-About.jpg\" width=\"1000\" height=\"1500\" srcset=\"https:\/\/ariadnaguidedtours.com\/wp-content\/uploads\/2024\/01\/Ariadna-Guided-Tours-Private-Tours-Barcelona-About.jpg 1000w, https:\/\/ariadnaguidedtours.com\/wp-content\/uploads\/2024\/01\/Ariadna-Guided-Tours-Private-Tours-Barcelona-About-200x300.jpg 200w, https:\/\/ariadnaguidedtours.com\/wp-content\/uploads\/2024\/01\/Ariadna-Guided-Tours-Private-Tours-Barcelona-About-683x1024.jpg 683w, https:\/\/ariadnaguidedtours.com\/wp-content\/uploads\/2024\/01\/Ariadna-Guided-Tours-Private-Tours-Barcelona-About-768x1152.jpg 768w\" sizes=\"auto, (max-width: 1000px) 100vw, 1000px\"><\/div>\n\t<\/div><\/figure>\n\n<\/div>\n<\/div><\/div><\/div>\n<\/section>","protected":false},"excerpt":{"rendered":"<p>Sobre mi Me llamo Ariadna y soy gu\u00eda oficial de Catalu\u00f1a La meva pasi\u00f3n es guiar a viajeros, a trav\u00e9s de un hilo conductor narrativo, por diferentes lugares y monumentos de Barcelona, Girona (donde nac\u00ed y crec\u00ed) y la Costa Brava \/tour privats i tours a mida a Barcelona i Girona Me dedico sobre todo [&hellip;]<\/p>\n","protected":false},"author":2,"featured_media":0,"parent":0,"menu_order":0,"comment_status":"closed","ping_status":"closed","template":"","meta":{"_acf_changed":false,"_breakdance_hide_in_design_set":false,"_breakdance_tags":"","footnotes":""},"class_list":["post-678","page","type-page","status-publish","hentry"],"acf":[],"yoast_head":"<!-- This site is optimized with the Yoast SEO plugin v26.7 - https:\/\/yoast.com\/wordpress\/plugins\/seo\/ -->\n<title>Sobre mi - Ariadna Guided Tours ES<\/title>\n<meta name=\"description\" content=\"Los mejores tours privados y personalizados en Barcelona y Girona. Gu\u00eda tur\u00edstico privado de Barcelona. Tours privados en Barcelona.\" \/>\n<meta name=\"robots\" content=\"index, follow, max-snippet:-1, max-image-preview:large, max-video-preview:-1\" \/>\n<link rel=\"canonical\" href=\"https:\/\/ariadnaguidedtours.com\/es\/sobre-mi\/\" \/>\n<meta property=\"og:locale\" content=\"es_ES\" \/>\n<meta property=\"og:type\" content=\"article\" \/>\n<meta property=\"og:title\" content=\"Sobre mi - Ariadna Guided Tours ES\" \/>\n<meta property=\"og:description\" content=\"Los mejores tours privados y personalizados en Barcelona y Girona. Gu\u00eda tur\u00edstico privado de Barcelona. Tours privados en Barcelona.\" \/>\n<meta property=\"og:url\" content=\"https:\/\/ariadnaguidedtours.com\/es\/sobre-mi\/\" \/>\n<meta property=\"og:site_name\" content=\"Ariadna Guided Tours ES\" \/>\n<meta property=\"article:modified_time\" content=\"2024-08-21T18:29:49+00:00\" \/>\n<meta name=\"twitter:card\" content=\"summary_large_image\" \/>\n<meta name=\"twitter:label1\" content=\"Tiempo de lectura\" \/>\n\t<meta name=\"twitter:data1\" content=\"3 minutos\" \/>\n<script type=\"application\/ld+json\" class=\"yoast-schema-graph\">{\"@context\":\"https:\/\/schema.org\",\"@graph\":[{\"@type\":\"WebPage\",\"@id\":\"https:\/\/ariadnaguidedtours.com\/es\/sobre-mi\/\",\"url\":\"https:\/\/ariadnaguidedtours.com\/es\/sobre-mi\/\",\"name\":\"Sobre mi - Ariadna Guided Tours ES\",\"isPartOf\":{\"@id\":\"https:\/\/ariadnaguidedtours.com\/es\/#website\"},\"datePublished\":\"2024-03-06T15:46:03+00:00\",\"dateModified\":\"2024-08-21T18:29:49+00:00\",\"description\":\"Los mejores tours privados y personalizados en Barcelona y Girona. Gu\u00eda tur\u00edstico privado de Barcelona. Tours privados en Barcelona.\",\"breadcrumb\":{\"@id\":\"https:\/\/ariadnaguidedtours.com\/es\/sobre-mi\/#breadcrumb\"},\"inLanguage\":\"es\",\"potentialAction\":[{\"@type\":\"ReadAction\",\"target\":[\"https:\/\/ariadnaguidedtours.com\/es\/sobre-mi\/\"]}]},{\"@type\":\"BreadcrumbList\",\"@id\":\"https:\/\/ariadnaguidedtours.com\/es\/sobre-mi\/#breadcrumb\",\"itemListElement\":[{\"@type\":\"ListItem\",\"position\":1,\"name\":\"Home\",\"item\":\"https:\/\/ariadnaguidedtours.com\/es\/\"},{\"@type\":\"ListItem\",\"position\":2,\"name\":\"Sobre mi\"}]},{\"@type\":\"WebSite\",\"@id\":\"https:\/\/ariadnaguidedtours.com\/es\/#website\",\"url\":\"https:\/\/ariadnaguidedtours.com\/es\/\",\"name\":\"Ariadna Guided Tours ES\",\"description\":\"\",\"potentialAction\":[{\"@type\":\"SearchAction\",\"target\":{\"@type\":\"EntryPoint\",\"urlTemplate\":\"https:\/\/ariadnaguidedtours.com\/es\/?s={search_term_string}\"},\"query-input\":{\"@type\":\"PropertyValueSpecification\",\"valueRequired\":true,\"valueName\":\"search_term_string\"}}],\"inLanguage\":\"es\"}]}<\/script>\n<!-- \/ Yoast SEO plugin. -->","yoast_head_json":{"title":"Sobre mi - Ariadna Guided Tours ES","description":"Los mejores tours privados y personalizados en Barcelona y Girona. Gu\u00eda tur\u00edstico privado de Barcelona. Tours privados en Barcelona.","robots":{"index":"index","follow":"follow","max-snippet":"max-snippet:-1","max-image-preview":"max-image-preview:large","max-video-preview":"max-video-preview:-1"},"canonical":"https:\/\/ariadnaguidedtours.com\/es\/sobre-mi\/","og_locale":"es_ES","og_type":"article","og_title":"Sobre mi - Ariadna Guided Tours ES","og_description":"Los mejores tours privados y personalizados en Barcelona y Girona. Gu\u00eda tur\u00edstico privado de Barcelona. Tours privados en Barcelona.","og_url":"https:\/\/ariadnaguidedtours.com\/es\/sobre-mi\/","og_site_name":"Ariadna Guided Tours ES","article_modified_time":"2024-08-21T18:29:49+00:00","twitter_card":"summary_large_image","twitter_misc":{"Tiempo de lectura":"3 minutos"},"schema":{"@context":"https:\/\/schema.org","@graph":[{"@type":"WebPage","@id":"https:\/\/ariadnaguidedtours.com\/es\/sobre-mi\/","url":"https:\/\/ariadnaguidedtours.com\/es\/sobre-mi\/","name":"Sobre mi - Ariadna Guided Tours ES","isPartOf":{"@id":"https:\/\/ariadnaguidedtours.com\/es\/#website"},"datePublished":"2024-03-06T15:46:03+00:00","dateModified":"2024-08-21T18:29:49+00:00","description":"Los mejores tours privados y personalizados en Barcelona y Girona. Gu\u00eda tur\u00edstico privado de Barcelona. Tours privados en Barcelona.","breadcrumb":{"@id":"https:\/\/ariadnaguidedtours.com\/es\/sobre-mi\/#breadcrumb"},"inLanguage":"es","potentialAction":[{"@type":"ReadAction","target":["https:\/\/ariadnaguidedtours.com\/es\/sobre-mi\/"]}]},{"@type":"BreadcrumbList","@id":"https:\/\/ariadnaguidedtours.com\/es\/sobre-mi\/#breadcrumb","itemListElement":[{"@type":"ListItem","position":1,"name":"Home","item":"https:\/\/ariadnaguidedtours.com\/es\/"},{"@type":"ListItem","position":2,"name":"Sobre mi"}]},{"@type":"WebSite","@id":"https:\/\/ariadnaguidedtours.com\/es\/#website","url":"https:\/\/ariadnaguidedtours.com\/es\/","name":"Ariadna Guided Tours ES","description":"","potentialAction":[{"@type":"SearchAction","target":{"@type":"EntryPoint","urlTemplate":"https:\/\/ariadnaguidedtours.com\/es\/?s={search_term_string}"},"query-input":{"@type":"PropertyValueSpecification","valueRequired":true,"valueName":"search_term_string"}}],"inLanguage":"es"}]}},"_links":{"self":[{"href":"https:\/\/ariadnaguidedtours.com\/es\/wp-json\/wp\/v2\/pages\/678","targetHints":{"allow":["GET"]}}],"collection":[{"href":"https:\/\/ariadnaguidedtours.com\/es\/wp-json\/wp\/v2\/pages"}],"about":[{"href":"https:\/\/ariadnaguidedtours.com\/es\/wp-json\/wp\/v2\/types\/page"}],"author":[{"embeddable":true,"href":"https:\/\/ariadnaguidedtours.com\/es\/wp-json\/wp\/v2\/users\/2"}],"replies":[{"embeddable":true,"href":"https:\/\/ariadnaguidedtours.com\/es\/wp-json\/wp\/v2\/comments?post=678"}],"version-history":[{"count":9,"href":"https:\/\/ariadnaguidedtours.com\/es\/wp-json\/wp\/v2\/pages\/678\/revisions"}],"predecessor-version":[{"id":829,"href":"https:\/\/ariadnaguidedtours.com\/es\/wp-json\/wp\/v2\/pages\/678\/revisions\/829"}],"wp:attachment":[{"href":"https:\/\/ariadnaguidedtours.com\/es\/wp-json\/wp\/v2\/media?parent=678"}],"curies":[{"name":"wp","href":"https:\/\/api.w.org\/{rel}","templated":true}]}}