{"id":688,"date":"2024-03-06T15:56:12","date_gmt":"2024-03-06T15:56:12","guid":{"rendered":"https:\/\/ariadnaguidedtours.com\/cat\/?page_id=688"},"modified":"2024-08-23T14:32:14","modified_gmt":"2024-08-23T12:32:14","slug":"crea-el-teu-tour-a-mida","status":"publish","type":"page","link":"https:\/\/ariadnaguidedtours.com\/cat\/crea-el-teu-tour-a-mida\/","title":{"rendered":"Crea el teu tour a mida"},"content":{"rendered":"<section class=\"bde-section-688-100 bde-section\">\n  \n  \n\t\n\n\n\n<div class=\"section-container\"><div class=\"bde-columns-688-101 bde-columns\"><div class=\"bde-column-688-102 bde-column\">\n  \n  \n\t\n\n\n\n<div class=\"bde-image-688-103 bde-image\">\n<figure class=\"breakdance-image breakdance-image--441\">\n\t<div class=\"breakdance-image-container\">\n\t\t<div class=\"breakdance-image-clip\"><img loading=\"lazy\" decoding=\"async\" class=\"breakdance-image-object\" src=\"https:\/\/ariadnaguidedtours.com\/wp-content\/uploads\/2024\/01\/Ariadna-Guided-Tours-Dali-Museum-Private-Tour-25.jpg\" width=\"500\" height=\"750\" srcset=\"https:\/\/ariadnaguidedtours.com\/wp-content\/uploads\/2024\/01\/Ariadna-Guided-Tours-Dali-Museum-Private-Tour-25.jpg 500w, https:\/\/ariadnaguidedtours.com\/wp-content\/uploads\/2024\/01\/Ariadna-Guided-Tours-Dali-Museum-Private-Tour-25-200x300.jpg 200w\" sizes=\"auto, (max-width: 500px) 100vw, 500px\"><\/div>\n\t<\/div><\/figure>\n\n<\/div>\n<\/div><div class=\"bde-column-688-104 bde-column\">\n  \n  \n\t\n\n\n\n<h2 class=\"bde-dual-heading-688-105 bde-dual-heading\">\n\n\n            <span data-style=\"primary\" class=\"dual-heading--primary  \">Sol\u00b7liciteu un pressupost per a un<\/span>\n\n            <span data-style=\"secondary\" class=\"dual-heading--secondary  \">Tour a mida<\/span>\n\n\n\n<\/h2><div class=\"bde-form-builder-688-106 bde-form-builder\">\n\n<form id=\"nova-peticio-custom-tour106\" class=\"breakdance-form breakdance-form--vertical\" data-options=\"{&quot;slug&quot;:&quot;custom&quot;,&quot;name&quot;:&quot;Nova petici\\u00f3 Custom Tour&quot;,&quot;ajaxUrl&quot;:&quot;https:\\\/\\\/ariadnaguidedtours.com\\\/cat\\\/wp-admin\\\/admin-ajax.php&quot;,&quot;clearOnSuccess&quot;:true,&quot;hideOnSuccess&quot;:false,&quot;successMessage&quot;:&quot;The form was submitted successfully.&quot;,&quot;errorMessage&quot;:&quot;Something went wrong.&quot;,&quot;redirect&quot;:false,&quot;redirectUrl&quot;:&quot;&quot;,&quot;customJavaScript&quot;:&quot;&quot;,&quot;recaptcha&quot;:{&quot;key&quot;:&quot;&quot;,&quot;enabled&quot;:false},&quot;honeypot_enabled&quot;:false,&quot;popupsOnSuccess&quot;:[],&quot;popupsOnError&quot;:[]}\" data-steps=\"0\" >\n  \n  \n  \n<div class=\"breakdance-form-field breakdance-form-field--text\" >\n    \n    \n            <label class=\"breakdance-form-field__label\" for=\"name\">\n            Nom<span class=\"breakdance-form-field__required\">*<\/span>\n        <\/label>\n    \n    <input\n    class=\"breakdance-form-field__input\"\n    id=\"name\"\n    aria-describedby=\"name\"\n    type=\"text\"\n    name=\"fields[name]\"\n    placeholder=\"\"\n    value=\"\"\n                \n        \n        \n    required\n    \n    \n    \n>\n\n\n    \n    \n<\/div>\n\n\n<div class=\"breakdance-form-field breakdance-form-field--text\" >\n    \n    \n            <label class=\"breakdance-form-field__label\" for=\"hhfcby\">\n            Cognoms<span class=\"breakdance-form-field__required\">*<\/span>\n        <\/label>\n    \n    <input\n    class=\"breakdance-form-field__input\"\n    id=\"hhfcby\"\n    aria-describedby=\"hhfcby\"\n    type=\"text\"\n    name=\"fields[hhfcby]\"\n    placeholder=\"\"\n    value=\"\"\n                \n        \n        \n    required\n    \n    \n    \n>\n\n\n    \n    \n<\/div>\n\n\n<div class=\"breakdance-form-field breakdance-form-field--email\" >\n    \n    \n            <label class=\"breakdance-form-field__label\" for=\"email\">\n            Email<span class=\"breakdance-form-field__required\">*<\/span>\n        <\/label>\n    \n    <input\n    class=\"breakdance-form-field__input\"\n    id=\"email\"\n    aria-describedby=\"email\"\n    type=\"email\"\n    name=\"fields[email]\"\n    placeholder=\"\"\n    value=\"\"\n                \n        \n        \n    required\n    \n    \n    \n>\n\n\n    \n    \n<\/div>\n\n\n<div class=\"breakdance-form-field breakdance-form-field--tel\" >\n    \n    \n            <label class=\"breakdance-form-field__label\" for=\"vlpzhz\">\n            Tel\u00e8fon*:<span class=\"breakdance-form-field__required\">*<\/span>\n        <\/label>\n    \n    <input\n    class=\"breakdance-form-field__input\"\n    id=\"vlpzhz\"\n    aria-describedby=\"vlpzhz\"\n    type=\"tel\"\n    name=\"fields[vlpzhz]\"\n    placeholder=\"\"\n    value=\"\"\n                \n        \n        \n    required\n    \n    \n    \n>\n\n\n    \n    \n<\/div>\n\n\n<div class=\"breakdance-form-field breakdance-form-field--number\" >\n    \n    \n            <label class=\"breakdance-form-field__label\" for=\"ifsvnm\">\n            N\u00famero de persones\n        <\/label>\n    \n    <input\n    class=\"breakdance-form-field__input\"\n    id=\"ifsvnm\"\n    aria-describedby=\"ifsvnm\"\n    type=\"number\"\n    name=\"fields[ifsvnm]\"\n    placeholder=\"\"\n    value=\"\"\n                \n        \n        \n    \n    \n    \n    \n>\n\n\n    \n    \n<\/div>\n\n\n<div class=\"breakdance-form-field breakdance-form-field--html\" >\n    \n    \n    \n    <div class=\"form-input-html\"\n    >\n  <p>Dates del tour:<\/p>\n<\/div>\n\n\n    \n    \n<\/div>\n\n\n<div class=\"breakdance-form-field breakdance-form-field--date\" >\n    \n    \n            <label class=\"breakdance-form-field__label\" for=\"message\">\n            Dia d'entrada\n        <\/label>\n    \n    <input\n    class=\"breakdance-form-field__input\"\n    id=\"message\"\n    aria-describedby=\"message\"\n    type=\"date\"\n    name=\"fields[message]\"\n    placeholder=\"Write your message here...\"\n    value=\"\"\n                \n        \n        \n    \n    \n    \n    \n>\n\n\n    \n    \n<\/div>\n\n\n<div class=\"breakdance-form-field breakdance-form-field--date\" >\n    \n    \n            <label class=\"breakdance-form-field__label\" for=\"knuiux\">\n            Dia de sortida\n        <\/label>\n    \n    <input\n    class=\"breakdance-form-field__input\"\n    id=\"knuiux\"\n    aria-describedby=\"knuiux\"\n    type=\"date\"\n    name=\"fields[knuiux]\"\n    placeholder=\"\"\n    value=\"\"\n                \n        \n        \n    \n    \n    \n    \n>\n\n\n    \n    \n<\/div>\n\n\n<div class=\"breakdance-form-field breakdance-form-field--checkbox\" >\n    \n    \n    \n    <fieldset role=\"group\"\n    aria-label=\"Que t'agradaria visitar?\"\n    >\n       <legend class=\"breakdance-form-field__label\">Que t'agradaria visitar?<span class=\"breakdance-form-field__required\">*<\/span><\/legend>\n          <div class=\"breakdance-form-checkbox\">\n          <input\n              type=\"checkbox\"\n              name=\"fields[aqhgpg][]\"\n              value=\"Gaud\u00ed\"\n              id=\"aqhgpg-1\"\n              \n                        >\n          <label class=\"breakdance-form-checkbox__text\" for=\"aqhgpg-1\">Gaud\u00ed<\/label>\n      <\/div>\n        <div class=\"breakdance-form-checkbox\">\n          <input\n              type=\"checkbox\"\n              name=\"fields[aqhgpg][]\"\n              value=\"Montserrat\"\n              id=\"aqhgpg-2\"\n              \n                        >\n          <label class=\"breakdance-form-checkbox__text\" for=\"aqhgpg-2\">Montserrat<\/label>\n      <\/div>\n        <div class=\"breakdance-form-checkbox\">\n          <input\n              type=\"checkbox\"\n              name=\"fields[aqhgpg][]\"\n              value=\"Costa Brava\"\n              id=\"aqhgpg-3\"\n              \n                        >\n          <label class=\"breakdance-form-checkbox__text\" for=\"aqhgpg-3\">Costa Brava<\/label>\n      <\/div>\n        <div class=\"breakdance-form-checkbox\">\n          <input\n              type=\"checkbox\"\n              name=\"fields[aqhgpg][]\"\n              value=\"Museo Dal\u00ed\"\n              id=\"aqhgpg-4\"\n              \n                        >\n          <label class=\"breakdance-form-checkbox__text\" for=\"aqhgpg-4\">Museo Dal\u00ed<\/label>\n      <\/div>\n        <div class=\"breakdance-form-checkbox\">\n          <input\n              type=\"checkbox\"\n              name=\"fields[aqhgpg][]\"\n              value=\"Pueblos medievales\"\n              id=\"aqhgpg-5\"\n              \n                        >\n          <label class=\"breakdance-form-checkbox__text\" for=\"aqhgpg-5\">Pueblos medievales<\/label>\n      <\/div>\n  <\/fieldset>\n\n\n\n    \n    \n<\/div>\n\n\n<div class=\"breakdance-form-field breakdance-form-field--textarea\" >\n    \n    \n            <label class=\"breakdance-form-field__label\" for=\"hfuymg\">\n            Descriu breument el que t'agradaria visitar:\n        <\/label>\n    \n    <textarea\n    class=\"breakdance-form-field__input\"\n    id=\"hfuymg\"\n    aria-describedby=\"hfuymg\"\n    type=\"textarea\"\n    name=\"fields[hfuymg]\"\n        placeholder=\"\"\n    \n    >\n<\/textarea>\n\n\n    \n    \n<\/div>\n\n\n  \n\n<div class=\"breakdance-form-field breakdance-form-footer\">\n    \n    \n                                    \n    \n    \n    \n    \n            \n            <button type=\"submit\" class=\"button-atom button-atom--primary breakdance-form-button breakdance-form-button__submit\"  >\n    \n        <span class=\"button-atom__text\">\/Demanar pressupost<\/span>\n\n        \n        \n            <\/button>\n    \n    <input type=\"hidden\" name=\"form_id\" value=\"106\">\n    <input type=\"hidden\" name=\"post_id\" value=\"688\">\n<\/div>\n\n  \n<\/form>\n\n\n<\/div>\n<\/div><\/div><\/div>\n<\/section>","protected":false},"excerpt":{"rendered":"<p>Sol\u00b7liciteu un pressupost per a un Tour a mida Nom* Cognoms* Email* Tel\u00e8fon*:* N\u00famero de persones Dates del tour: Dia d&#8217;entrada Dia de sortida Que t&#8217;agradaria visitar?* Gaud\u00ed Montserrat Costa Brava Museo Dal\u00ed Pueblos medievales Descriu breument el que t&#8217;agradaria visitar: \/Demanar pressupost<\/p>\n","protected":false},"author":2,"featured_media":0,"parent":0,"menu_order":0,"comment_status":"closed","ping_status":"closed","template":"","meta":{"_acf_changed":false,"_breakdance_hide_in_design_set":false,"_breakdance_tags":"","footnotes":""},"class_list":["post-688","page","type-page","status-publish","hentry"],"acf":[],"yoast_head":"<!-- This site is optimized with the Yoast SEO plugin v26.7 - https:\/\/yoast.com\/wordpress\/plugins\/seo\/ -->\n<title>Crea el teu tour a mida - Ariadna Guided Tours CAT<\/title>\n<meta name=\"description\" content=\"Crea el teu tour a mida i demana un pressupost. Els millors tours privats i personalitzats a Barcelona i Girona.\" \/>\n<meta name=\"robots\" content=\"index, follow, max-snippet:-1, max-image-preview:large, max-video-preview:-1\" \/>\n<link rel=\"canonical\" href=\"https:\/\/ariadnaguidedtours.com\/cat\/crea-el-teu-tour-a-mida\/\" \/>\n<meta property=\"og:locale\" content=\"ca_ES\" \/>\n<meta property=\"og:type\" content=\"article\" \/>\n<meta property=\"og:title\" content=\"Crea el teu tour a mida - Ariadna Guided Tours CAT\" \/>\n<meta property=\"og:description\" content=\"Crea el teu tour a mida i demana un pressupost. Els millors tours privats i personalitzats a Barcelona i Girona.\" \/>\n<meta property=\"og:url\" content=\"https:\/\/ariadnaguidedtours.com\/cat\/crea-el-teu-tour-a-mida\/\" \/>\n<meta property=\"og:site_name\" content=\"Ariadna Guided Tours CAT\" \/>\n<meta property=\"article:modified_time\" content=\"2024-08-23T12:32:14+00:00\" \/>\n<meta name=\"twitter:card\" content=\"summary_large_image\" \/>\n<meta name=\"twitter:label1\" content=\"Temps estimat de lectura\" \/>\n\t<meta name=\"twitter:data1\" content=\"1 minut\" \/>\n<script type=\"application\/ld+json\" class=\"yoast-schema-graph\">{\"@context\":\"https:\/\/schema.org\",\"@graph\":[{\"@type\":\"WebPage\",\"@id\":\"https:\/\/ariadnaguidedtours.com\/cat\/crea-el-teu-tour-a-mida\/\",\"url\":\"https:\/\/ariadnaguidedtours.com\/cat\/crea-el-teu-tour-a-mida\/\",\"name\":\"Crea el teu tour a mida - Ariadna Guided Tours CAT\",\"isPartOf\":{\"@id\":\"https:\/\/ariadnaguidedtours.com\/cat\/#website\"},\"datePublished\":\"2024-03-06T15:56:12+00:00\",\"dateModified\":\"2024-08-23T12:32:14+00:00\",\"description\":\"Crea el teu tour a mida i demana un pressupost. Els millors tours privats i personalitzats a Barcelona i Girona.\",\"breadcrumb\":{\"@id\":\"https:\/\/ariadnaguidedtours.com\/cat\/crea-el-teu-tour-a-mida\/#breadcrumb\"},\"inLanguage\":\"ca\",\"potentialAction\":[{\"@type\":\"ReadAction\",\"target\":[\"https:\/\/ariadnaguidedtours.com\/cat\/crea-el-teu-tour-a-mida\/\"]}]},{\"@type\":\"BreadcrumbList\",\"@id\":\"https:\/\/ariadnaguidedtours.com\/cat\/crea-el-teu-tour-a-mida\/#breadcrumb\",\"itemListElement\":[{\"@type\":\"ListItem\",\"position\":1,\"name\":\"Home\",\"item\":\"https:\/\/ariadnaguidedtours.com\/cat\/\"},{\"@type\":\"ListItem\",\"position\":2,\"name\":\"Crea el teu tour a mida\"}]},{\"@type\":\"WebSite\",\"@id\":\"https:\/\/ariadnaguidedtours.com\/cat\/#website\",\"url\":\"https:\/\/ariadnaguidedtours.com\/cat\/\",\"name\":\"Ariadna Guided Tours CAT\",\"description\":\"\",\"potentialAction\":[{\"@type\":\"SearchAction\",\"target\":{\"@type\":\"EntryPoint\",\"urlTemplate\":\"https:\/\/ariadnaguidedtours.com\/cat\/?s={search_term_string}\"},\"query-input\":{\"@type\":\"PropertyValueSpecification\",\"valueRequired\":true,\"valueName\":\"search_term_string\"}}],\"inLanguage\":\"ca\"}]}<\/script>\n<!-- \/ Yoast SEO plugin. -->","yoast_head_json":{"title":"Crea el teu tour a mida - Ariadna Guided Tours CAT","description":"Crea el teu tour a mida i demana un pressupost. Els millors tours privats i personalitzats a Barcelona i Girona.","robots":{"index":"index","follow":"follow","max-snippet":"max-snippet:-1","max-image-preview":"max-image-preview:large","max-video-preview":"max-video-preview:-1"},"canonical":"https:\/\/ariadnaguidedtours.com\/cat\/crea-el-teu-tour-a-mida\/","og_locale":"ca_ES","og_type":"article","og_title":"Crea el teu tour a mida - Ariadna Guided Tours CAT","og_description":"Crea el teu tour a mida i demana un pressupost. Els millors tours privats i personalitzats a Barcelona i Girona.","og_url":"https:\/\/ariadnaguidedtours.com\/cat\/crea-el-teu-tour-a-mida\/","og_site_name":"Ariadna Guided Tours CAT","article_modified_time":"2024-08-23T12:32:14+00:00","twitter_card":"summary_large_image","twitter_misc":{"Temps estimat de lectura":"1 minut"},"schema":{"@context":"https:\/\/schema.org","@graph":[{"@type":"WebPage","@id":"https:\/\/ariadnaguidedtours.com\/cat\/crea-el-teu-tour-a-mida\/","url":"https:\/\/ariadnaguidedtours.com\/cat\/crea-el-teu-tour-a-mida\/","name":"Crea el teu tour a mida - Ariadna Guided Tours CAT","isPartOf":{"@id":"https:\/\/ariadnaguidedtours.com\/cat\/#website"},"datePublished":"2024-03-06T15:56:12+00:00","dateModified":"2024-08-23T12:32:14+00:00","description":"Crea el teu tour a mida i demana un pressupost. Els millors tours privats i personalitzats a Barcelona i Girona.","breadcrumb":{"@id":"https:\/\/ariadnaguidedtours.com\/cat\/crea-el-teu-tour-a-mida\/#breadcrumb"},"inLanguage":"ca","potentialAction":[{"@type":"ReadAction","target":["https:\/\/ariadnaguidedtours.com\/cat\/crea-el-teu-tour-a-mida\/"]}]},{"@type":"BreadcrumbList","@id":"https:\/\/ariadnaguidedtours.com\/cat\/crea-el-teu-tour-a-mida\/#breadcrumb","itemListElement":[{"@type":"ListItem","position":1,"name":"Home","item":"https:\/\/ariadnaguidedtours.com\/cat\/"},{"@type":"ListItem","position":2,"name":"Crea el teu tour a mida"}]},{"@type":"WebSite","@id":"https:\/\/ariadnaguidedtours.com\/cat\/#website","url":"https:\/\/ariadnaguidedtours.com\/cat\/","name":"Ariadna Guided Tours CAT","description":"","potentialAction":[{"@type":"SearchAction","target":{"@type":"EntryPoint","urlTemplate":"https:\/\/ariadnaguidedtours.com\/cat\/?s={search_term_string}"},"query-input":{"@type":"PropertyValueSpecification","valueRequired":true,"valueName":"search_term_string"}}],"inLanguage":"ca"}]}},"_links":{"self":[{"href":"https:\/\/ariadnaguidedtours.com\/cat\/wp-json\/wp\/v2\/pages\/688","targetHints":{"allow":["GET"]}}],"collection":[{"href":"https:\/\/ariadnaguidedtours.com\/cat\/wp-json\/wp\/v2\/pages"}],"about":[{"href":"https:\/\/ariadnaguidedtours.com\/cat\/wp-json\/wp\/v2\/types\/page"}],"author":[{"embeddable":true,"href":"https:\/\/ariadnaguidedtours.com\/cat\/wp-json\/wp\/v2\/users\/2"}],"replies":[{"embeddable":true,"href":"https:\/\/ariadnaguidedtours.com\/cat\/wp-json\/wp\/v2\/comments?post=688"}],"version-history":[{"count":12,"href":"https:\/\/ariadnaguidedtours.com\/cat\/wp-json\/wp\/v2\/pages\/688\/revisions"}],"predecessor-version":[{"id":870,"href":"https:\/\/ariadnaguidedtours.com\/cat\/wp-json\/wp\/v2\/pages\/688\/revisions\/870"}],"wp:attachment":[{"href":"https:\/\/ariadnaguidedtours.com\/cat\/wp-json\/wp\/v2\/media?parent=688"}],"curies":[{"name":"wp","href":"https:\/\/api.w.org\/{rel}","templated":true}]}}