{"id":678,"date":"2024-03-06T15:46:03","date_gmt":"2024-03-06T15:46:03","guid":{"rendered":"https:\/\/ariadnaguidedtours.com\/cat\/?page_id=678"},"modified":"2025-02-07T10:48:57","modified_gmt":"2025-02-07T09:48:57","slug":"sobre-mi","status":"publish","type":"page","link":"https:\/\/ariadnaguidedtours.com\/cat\/sobre-mi\/","title":{"rendered":"Sobre mi"},"content":{"rendered":"<section class=\"bde-section-678-100 bde-section\">\n  \n  \n\t\n\n\n\n<div class=\"section-container\"><div class=\"bde-columns-678-101 bde-columns\"><div class=\"bde-column-678-102 bde-column\">\n  \n  \n\t\n\n\n\n<div class=\"bde-image-678-103 bde-image\">\n<figure class=\"breakdance-image breakdance-image--599\">\n\t<div class=\"breakdance-image-container\">\n\t\t<div class=\"breakdance-image-clip\"><img loading=\"lazy\" decoding=\"async\" class=\"breakdance-image-object\" src=\"https:\/\/ariadnaguidedtours.com\/wp-content\/uploads\/2024\/02\/Ariadna-Guided-Tours-Private-Tours-Barcelona-About-copia.jpg\" width=\"685\" height=\"1000\" srcset=\"https:\/\/ariadnaguidedtours.com\/wp-content\/uploads\/2024\/02\/Ariadna-Guided-Tours-Private-Tours-Barcelona-About-copia.jpg 685w, https:\/\/ariadnaguidedtours.com\/wp-content\/uploads\/2024\/02\/Ariadna-Guided-Tours-Private-Tours-Barcelona-About-copia-206x300.jpg 206w\" sizes=\"auto, (max-width: 685px) 100vw, 685px\"><\/div>\n\t<\/div><\/figure>\n\n<\/div>\n<\/div><div class=\"bde-column-678-104 bde-column\">\n  \n  \n\t\n\n\n\n<h1 class=\"bde-heading-678-105 bde-heading\">Sobre mi<\/h1><h2 class=\"bde-dual-heading-678-107 bde-dual-heading\">\n\n\n            <span data-style=\"primary\" class=\"dual-heading--primary  \">Em dic Ariadna i s\u00f3c<\/span>\n\n            <span data-style=\"secondary\" class=\"dual-heading--secondary  \">guia oficial de Catalunya<\/span>\n\n\n\n<\/h2><div class=\"bde-text-678-108 bde-text\">\nLa meva passi\u00f3 \u00e9s guiar viatgers, a trav\u00e9s d'un fil conductor narratiu, per diferents indrets i monuments de Barcelona, \u200b\u200bGirona (on vaig n\u00e9ixer i vaig cr\u00e9ixer) i la Costa Brava.<br>\n<\/div>\n<\/div><\/div><\/div>\n<\/section><section class=\"bde-section-678-109 bde-section\">\n  \n  \n\t\n\n\n\n<div class=\"section-container\"><div class=\"bde-div-678-110 bde-div\">\n  \n  \n\t\n\n\n\n<div class=\"bde-button-678-111 bde-button\">\n    \n                        \n                        \n    \n    \n    \n    \n            \n                    \n            \n            \n\n    \n    \n    \n    \n    \n    <a class=\"breakdance-link button-atom button-atom--secondary bde-button__button\" href=\"#\" target=\"_self\" data-type=\"url\"  >\n\n    \n        <span class=\"button-atom__text\">\/tour privats i tours a mida a Barcelona i Girona<\/span>\n\n        \n        \n                <\/a>\n\n    \n\n\n<\/div><div class=\"bde-text-678-112 bde-text\">\nEm dedico sobretot a grups privats i redu\u00efts, cosa que em permet personalitzar i flexibilitzar el servei al seu gust.\n<\/div>\n<\/div><\/div>\n<\/section><section class=\"bde-section-678-113 bde-section\">\n  \n  \n\t\n\n\n\n<div class=\"section-container\"><div class=\"bde-columns-678-114 bde-columns\"><div class=\"bde-column-678-115 bde-column\">\n  \n  \n\t\n\n\n\n<div class=\"bde-text-678-116 bde-text\">\nVaig iniciar la meva carrera i feina al sector tur\u00edstic l'any 2003 i des de llavors m'hi he dedicat sempre. El 2013 vaig comen\u00e7ar a guiar visitants de tot el m\u00f3n i el 2016 vaig obtenir l'acreditaci\u00f3 de guia oficial de Catalunya, que em permet guiar museus, monuments i espais patrimonials. M'interessa l'art, la hist\u00f2ria i la cultura en general, per aix\u00f2 vaig iniciar els estudis per obtenir un triple grau universitari en Hist\u00f2ria, Geografia i Hist\u00f2ria de l'Art.\n<\/div><div class=\"bde-text-678-117 bde-text\">\nS\u00f3c una apassionada dels viatges, viatjo tant com puc i tan lluny com puc. Dels viatges aprenc a tenir una visi\u00f3 global del m\u00f3n i dels humans, i com m\u00e9s viatjo m\u00e9s m'adono que el lloc on vaig n\u00e9ixer i cr\u00e9ixer, gaudeix d'una enorme riquesa en paisatge, cultura, costums, patrimoni, art i gastronomia. La meva professi\u00f3 m'ofereix la possibilitat de viatjar des de casa, a trav\u00e9s dels ulls dels visitants, de qui a m\u00e9s aprenc coses noves cada dia.<br><br>Em dedico sobretot a grups privats i redu\u00efts, cosa que em permet personalitzar i flexibilitzar el servei al seu gust. Proposo algunes de les visites m\u00e9s reclamades per Barcelona i Girona, per\u00f2 tamb\u00e9 puc dissenyar Tours a mida dels seus interessos, d'un o diversos dies, incloent-hi tot el que vulguin visitar, ja sigui a Barcelona, \u200b\u200bGirona, Costa Brava o Montserrat. Per tal de ser respectu\u00f3s amb el medi ambient, la majoria de les meves visites es fan amb transport p\u00fablic, per\u00f2 alguns dels meus serveis compten amb la disposici\u00f3 de cotxes amb xofer privat, sota demanda i reserva.<br><br>La meva intenci\u00f3 \u00e9s acostar-vos a la hist\u00f2ria, cultura i costums catalans des d'una visi\u00f3 local, respectant els l\u00edmits de l'impacte tur\u00edstic de la zona, per comprendre els nostres or\u00edgens i com la nostra personalitat s'ha anat desenvolupant al llarg de m\u00e9s de dos mil anys d'hist\u00f2ria. Gr\u00e0cies al paisatge, art, hist\u00f2ria i gastronomia catalana es podr\u00e0 impregnar de tot aquest llegat que segur no el deixar\u00e0 indiferent.<br>\n<\/div>\n<\/div><div class=\"bde-column-678-118 bde-column\">\n  \n  \n\t\n\n\n\n<div class=\"bde-image-678-119 bde-image\">\n<figure class=\"breakdance-image breakdance-image--202\">\n\t<div class=\"breakdance-image-container\">\n\t\t<div class=\"breakdance-image-clip\"><img loading=\"lazy\" decoding=\"async\" class=\"breakdance-image-object\" src=\"https:\/\/ariadnaguidedtours.com\/wp-content\/uploads\/2024\/01\/Ariadna-Guided-Tours-Private-Tours-Barcelona-About.jpg\" width=\"1000\" height=\"1500\" srcset=\"https:\/\/ariadnaguidedtours.com\/wp-content\/uploads\/2024\/01\/Ariadna-Guided-Tours-Private-Tours-Barcelona-About.jpg 1000w, https:\/\/ariadnaguidedtours.com\/wp-content\/uploads\/2024\/01\/Ariadna-Guided-Tours-Private-Tours-Barcelona-About-200x300.jpg 200w, https:\/\/ariadnaguidedtours.com\/wp-content\/uploads\/2024\/01\/Ariadna-Guided-Tours-Private-Tours-Barcelona-About-683x1024.jpg 683w, https:\/\/ariadnaguidedtours.com\/wp-content\/uploads\/2024\/01\/Ariadna-Guided-Tours-Private-Tours-Barcelona-About-768x1152.jpg 768w\" sizes=\"auto, (max-width: 1000px) 100vw, 1000px\"><\/div>\n\t<\/div><\/figure>\n\n<\/div>\n<\/div><\/div><\/div>\n<\/section>","protected":false},"excerpt":{"rendered":"<p>Sobre mi Em dic Ariadna i s\u00f3c guia oficial de Catalunya La meva passi\u00f3 \u00e9s guiar viatgers, a trav\u00e9s d&#8217;un fil conductor narratiu, per diferents indrets i monuments de Barcelona, \u200b\u200bGirona (on vaig n\u00e9ixer i vaig cr\u00e9ixer) i la Costa Brava. \/tour privats i tours a mida a Barcelona i Girona Em dedico sobretot a [&hellip;]<\/p>\n","protected":false},"author":2,"featured_media":0,"parent":0,"menu_order":0,"comment_status":"closed","ping_status":"closed","template":"","meta":{"_acf_changed":false,"_breakdance_hide_in_design_set":false,"_breakdance_tags":"","footnotes":""},"class_list":["post-678","page","type-page","status-publish","hentry"],"acf":[],"yoast_head":"<!-- This site is optimized with the Yoast SEO plugin v26.7 - https:\/\/yoast.com\/wordpress\/plugins\/seo\/ -->\n<title>Sobre mi - Ariadna Guided Tours CAT<\/title>\n<meta name=\"description\" content=\"Los mejores tours privados y personalizados en Barcelona y Girona. Gu\u00eda tur\u00edstico privado de Barcelona. Tours privados en Barcelona.\" \/>\n<meta name=\"robots\" content=\"index, follow, max-snippet:-1, max-image-preview:large, max-video-preview:-1\" \/>\n<link rel=\"canonical\" href=\"https:\/\/ariadnaguidedtours.com\/cat\/sobre-mi\/\" \/>\n<meta property=\"og:locale\" content=\"ca_ES\" \/>\n<meta property=\"og:type\" content=\"article\" \/>\n<meta property=\"og:title\" content=\"Sobre mi - Ariadna Guided Tours CAT\" \/>\n<meta property=\"og:description\" content=\"Los mejores tours privados y personalizados en Barcelona y Girona. Gu\u00eda tur\u00edstico privado de Barcelona. Tours privados en Barcelona.\" \/>\n<meta property=\"og:url\" content=\"https:\/\/ariadnaguidedtours.com\/cat\/sobre-mi\/\" \/>\n<meta property=\"og:site_name\" content=\"Ariadna Guided Tours CAT\" \/>\n<meta property=\"article:modified_time\" content=\"2025-02-07T09:48:57+00:00\" \/>\n<meta name=\"twitter:card\" content=\"summary_large_image\" \/>\n<meta name=\"twitter:label1\" content=\"Temps estimat de lectura\" \/>\n\t<meta name=\"twitter:data1\" content=\"3 minuts\" \/>\n<script type=\"application\/ld+json\" class=\"yoast-schema-graph\">{\"@context\":\"https:\/\/schema.org\",\"@graph\":[{\"@type\":\"WebPage\",\"@id\":\"https:\/\/ariadnaguidedtours.com\/cat\/sobre-mi\/\",\"url\":\"https:\/\/ariadnaguidedtours.com\/cat\/sobre-mi\/\",\"name\":\"Sobre mi - Ariadna Guided Tours CAT\",\"isPartOf\":{\"@id\":\"https:\/\/ariadnaguidedtours.com\/cat\/#website\"},\"datePublished\":\"2024-03-06T15:46:03+00:00\",\"dateModified\":\"2025-02-07T09:48:57+00:00\",\"description\":\"Los mejores tours privados y personalizados en Barcelona y Girona. Gu\u00eda tur\u00edstico privado de Barcelona. Tours privados en Barcelona.\",\"breadcrumb\":{\"@id\":\"https:\/\/ariadnaguidedtours.com\/cat\/sobre-mi\/#breadcrumb\"},\"inLanguage\":\"ca\",\"potentialAction\":[{\"@type\":\"ReadAction\",\"target\":[\"https:\/\/ariadnaguidedtours.com\/cat\/sobre-mi\/\"]}]},{\"@type\":\"BreadcrumbList\",\"@id\":\"https:\/\/ariadnaguidedtours.com\/cat\/sobre-mi\/#breadcrumb\",\"itemListElement\":[{\"@type\":\"ListItem\",\"position\":1,\"name\":\"Home\",\"item\":\"https:\/\/ariadnaguidedtours.com\/cat\/\"},{\"@type\":\"ListItem\",\"position\":2,\"name\":\"Sobre mi\"}]},{\"@type\":\"WebSite\",\"@id\":\"https:\/\/ariadnaguidedtours.com\/cat\/#website\",\"url\":\"https:\/\/ariadnaguidedtours.com\/cat\/\",\"name\":\"Ariadna Guided Tours CAT\",\"description\":\"\",\"potentialAction\":[{\"@type\":\"SearchAction\",\"target\":{\"@type\":\"EntryPoint\",\"urlTemplate\":\"https:\/\/ariadnaguidedtours.com\/cat\/?s={search_term_string}\"},\"query-input\":{\"@type\":\"PropertyValueSpecification\",\"valueRequired\":true,\"valueName\":\"search_term_string\"}}],\"inLanguage\":\"ca\"}]}<\/script>\n<!-- \/ Yoast SEO plugin. -->","yoast_head_json":{"title":"Sobre mi - Ariadna Guided Tours CAT","description":"Los mejores tours privados y personalizados en Barcelona y Girona. Gu\u00eda tur\u00edstico privado de Barcelona. Tours privados en Barcelona.","robots":{"index":"index","follow":"follow","max-snippet":"max-snippet:-1","max-image-preview":"max-image-preview:large","max-video-preview":"max-video-preview:-1"},"canonical":"https:\/\/ariadnaguidedtours.com\/cat\/sobre-mi\/","og_locale":"ca_ES","og_type":"article","og_title":"Sobre mi - Ariadna Guided Tours CAT","og_description":"Los mejores tours privados y personalizados en Barcelona y Girona. Gu\u00eda tur\u00edstico privado de Barcelona. Tours privados en Barcelona.","og_url":"https:\/\/ariadnaguidedtours.com\/cat\/sobre-mi\/","og_site_name":"Ariadna Guided Tours CAT","article_modified_time":"2025-02-07T09:48:57+00:00","twitter_card":"summary_large_image","twitter_misc":{"Temps estimat de lectura":"3 minuts"},"schema":{"@context":"https:\/\/schema.org","@graph":[{"@type":"WebPage","@id":"https:\/\/ariadnaguidedtours.com\/cat\/sobre-mi\/","url":"https:\/\/ariadnaguidedtours.com\/cat\/sobre-mi\/","name":"Sobre mi - Ariadna Guided Tours CAT","isPartOf":{"@id":"https:\/\/ariadnaguidedtours.com\/cat\/#website"},"datePublished":"2024-03-06T15:46:03+00:00","dateModified":"2025-02-07T09:48:57+00:00","description":"Los mejores tours privados y personalizados en Barcelona y Girona. Gu\u00eda tur\u00edstico privado de Barcelona. Tours privados en Barcelona.","breadcrumb":{"@id":"https:\/\/ariadnaguidedtours.com\/cat\/sobre-mi\/#breadcrumb"},"inLanguage":"ca","potentialAction":[{"@type":"ReadAction","target":["https:\/\/ariadnaguidedtours.com\/cat\/sobre-mi\/"]}]},{"@type":"BreadcrumbList","@id":"https:\/\/ariadnaguidedtours.com\/cat\/sobre-mi\/#breadcrumb","itemListElement":[{"@type":"ListItem","position":1,"name":"Home","item":"https:\/\/ariadnaguidedtours.com\/cat\/"},{"@type":"ListItem","position":2,"name":"Sobre mi"}]},{"@type":"WebSite","@id":"https:\/\/ariadnaguidedtours.com\/cat\/#website","url":"https:\/\/ariadnaguidedtours.com\/cat\/","name":"Ariadna Guided Tours CAT","description":"","potentialAction":[{"@type":"SearchAction","target":{"@type":"EntryPoint","urlTemplate":"https:\/\/ariadnaguidedtours.com\/cat\/?s={search_term_string}"},"query-input":{"@type":"PropertyValueSpecification","valueRequired":true,"valueName":"search_term_string"}}],"inLanguage":"ca"}]}},"_links":{"self":[{"href":"https:\/\/ariadnaguidedtours.com\/cat\/wp-json\/wp\/v2\/pages\/678","targetHints":{"allow":["GET"]}}],"collection":[{"href":"https:\/\/ariadnaguidedtours.com\/cat\/wp-json\/wp\/v2\/pages"}],"about":[{"href":"https:\/\/ariadnaguidedtours.com\/cat\/wp-json\/wp\/v2\/types\/page"}],"author":[{"embeddable":true,"href":"https:\/\/ariadnaguidedtours.com\/cat\/wp-json\/wp\/v2\/users\/2"}],"replies":[{"embeddable":true,"href":"https:\/\/ariadnaguidedtours.com\/cat\/wp-json\/wp\/v2\/comments?post=678"}],"version-history":[{"count":10,"href":"https:\/\/ariadnaguidedtours.com\/cat\/wp-json\/wp\/v2\/pages\/678\/revisions"}],"predecessor-version":[{"id":877,"href":"https:\/\/ariadnaguidedtours.com\/cat\/wp-json\/wp\/v2\/pages\/678\/revisions\/877"}],"wp:attachment":[{"href":"https:\/\/ariadnaguidedtours.com\/cat\/wp-json\/wp\/v2\/media?parent=678"}],"curies":[{"name":"wp","href":"https:\/\/api.w.org\/{rel}","templated":true}]}}